{"id":279,"date":"2025-01-18T15:52:26","date_gmt":"2025-01-18T15:52:26","guid":{"rendered":"https:\/\/www.intimatelearn.ro\/?page_id=279"},"modified":"2026-04-06T18:19:54","modified_gmt":"2026-04-06T18:19:54","slug":"donation","status":"publish","type":"page","link":"https:\/\/www.intimatelearn.ro\/en\/donation\/","title":{"rendered":"Donation"},"content":{"rendered":"\n<div class=\"et_pb_section_0 et_pb_section et_section_regular et_block_section\"><div class=\"et_pb_row_0 et_pb_row et_block_row\"><div class=\"et_pb_column_0 et_pb_column et_pb_column_4_4 et-last-child et_block_column et_pb_css_mix_blend_mode_passthrough\"><div class=\"et_pb_text_0 et_pb_text et_pb_bg_layout_light et_pb_module et_block_module\"><div class=\"et_pb_text_inner\"><h2><strong>Donations to Asocia\u021bia Intimate Learn<\/strong><\/h2>\n<p><strong>Donations via bank transfer:<\/strong><br \/>ASOCIATIA INTIMATE LEARN<br \/>CUI: 49656009<br \/>IBAN: RO36BTRLRONCRT0CQ9689201<br \/>Banca Transilvania<br \/>Swift code: BTRLRO22<\/p>\n<\/div><\/div><div class=\"et_pb_code_0 et_pb_code et_pb_module\"><div class=\"et_pb_code_inner\"><div class=\"forminator-ui forminator-custom-form forminator-custom-form-278 forminator-design--material  forminator_ajax\" data-forminator-render=\"0\" data-form=\"forminator-module-278\" data-uid=\"69fc305f8a737\"><br\/><\/div><form\r\n\t\t\t\tid=\"forminator-module-278\"\r\n\t\t\t\tclass=\"forminator-ui forminator-custom-form forminator-custom-form-278 forminator-design--material  forminator_ajax\"\r\n\t\t\t\tmethod=\"post\"\r\n\t\t\t\tdata-forminator-render=\"0\"\r\n\t\t\t\tdata-form-id=\"278\"\r\n\t\t\t\t data-color-option=\"default\" data-design=\"material\" data-grid=\"open\" style=\"display: none;\"\r\n\t\t\t\tdata-uid=\"69fc305f8a737\"\r\n\t\t\t><div role=\"alert\" aria-live=\"polite\" class=\"forminator-response-message forminator-error\" aria-hidden=\"true\"><\/div><div class=\"forminator-row\"><div id=\"section-1\" class=\"forminator-field-section forminator-col forminator-col-12 \"><div class=\"forminator-field\"><h2 class=\"forminator-title\">Dona\u021bie cu cardul<\/h2><hr class=\"forminator-border\" style=\"border: 1px dashed #990033;\" \/><\/div><\/div><\/div><div class=\"forminator-row\"><div id=\"name-1\" class=\"forminator-field-name forminator-col forminator-col-4 \"><div class=\"forminator-field\"><label for=\"forminator-field-name-1_69fc305f8a737\" id=\"forminator-field-name-1_69fc305f8a737-label\" class=\"forminator-label\">Nume <span class=\"forminator-required\">*<\/span><\/label><input type=\"text\" name=\"name-1\" value=\"\" placeholder=\"Ex. Ion Popescu\" id=\"forminator-field-name-1_69fc305f8a737\" class=\"forminator-input forminator-name--field\" aria-required=\"true\" autocomplete=\"name\" aria-describedby=\"forminator-field-name-1_69fc305f8a737-description\" \/><span id=\"forminator-field-name-1_69fc305f8a737-description\" class=\"forminator-description\">Numele si prenumele<\/span><\/div><\/div><div id=\"email-1\" class=\"forminator-field-email forminator-col forminator-col-4 \"><div class=\"forminator-field\"><label for=\"forminator-field-email-1_69fc305f8a737\" id=\"forminator-field-email-1_69fc305f8a737-label\" class=\"forminator-label\">Email<\/label><input type=\"email\" name=\"email-1\" value=\"\" placeholder=\"Ex. john@doe.com\" id=\"forminator-field-email-1_69fc305f8a737\" class=\"forminator-input forminator-email--field\" data-required=\"\" aria-required=\"false\" autocomplete=\"email\" aria-describedby=\"forminator-field-email-1_69fc305f8a737-description\" \/><span id=\"forminator-field-email-1_69fc305f8a737-description\" class=\"forminator-description\">Dac\u0103 introduce\u021bi adresa de Email ve\u021bi primi chitan\u021ba\/receipt \u0219i confirmarea imediat dup\u0103 procesarea pl\u0103\u021bii!<\/span><\/div><\/div><div id=\"phone-1\" class=\"forminator-field-phone forminator-col forminator-col-4 \"><div class=\"forminator-field\"><label for=\"forminator-field-phone-1_69fc305f8a737\" id=\"forminator-field-phone-1_69fc305f8a737-label\" class=\"forminator-label\">Telefon<\/label><input type=\"text\" name=\"phone-1\" value=\"\" placeholder=\"Ex. +40 123 456 789\" id=\"forminator-field-phone-1_69fc305f8a737\" class=\"forminator-input forminator-field--phone\" data-required=\"\" aria-required=\"false\" autocomplete=\"off\" aria-describedby=\"forminator-field-phone-1_69fc305f8a737-description\" \/><span id=\"forminator-field-phone-1_69fc305f8a737-description\" class=\"forminator-description\" id=\"forminator-field-phone-1_69fc305f8a737-description\">Nr. telefon<\/span><\/div><\/div><\/div><div class=\"forminator-row\"><div id=\"radio-4\" class=\"forminator-field-radio forminator-col forminator-col-12 \"><div role=\"radiogroup\" class=\"forminator-field\" aria-labelledby=\"forminator-radiogroup-radio-4-69fc305f8a737-label\"><span id=\"forminator-radiogroup-radio-4-69fc305f8a737-label\" class=\"forminator-label\">Alege tipul de dona\u021bie<\/span><label id=\"forminator-field-radio-4-label-1\" for=\"forminator-field-radio-4-1-69fc305f8a737\" class=\"forminator-radio forminator-radio-inline\" title=\"Dona\u021bie General\u0103\"><input type=\"radio\" name=\"radio-4\" value=\"Generala\" id=\"forminator-field-radio-4-1-69fc305f8a737\" aria-labelledby=\"forminator-field-radio-4-label-1\" data-calculation=\"0\" checked=\"checked\"  data-hidden-behavior=\"zero\"\/><span class=\"forminator-radio-bullet\" aria-hidden=\"true\"><\/span><span class=\"forminator-radio-label\">Dona\u021bie General\u0103<\/span><\/label><label id=\"forminator-field-radio-4-label-2\" for=\"forminator-field-radio-4-2-69fc305f8a737\" class=\"forminator-radio forminator-radio-inline\" title=\"Dona\u021bie cursuri\"><input type=\"radio\" name=\"radio-4\" value=\"Cursuri\" id=\"forminator-field-radio-4-2-69fc305f8a737\" aria-labelledby=\"forminator-field-radio-4-label-2\" data-calculation=\"0\"   data-hidden-behavior=\"zero\"\/><span class=\"forminator-radio-bullet\" aria-hidden=\"true\"><\/span><span class=\"forminator-radio-label\">Dona\u021bie cursuri<\/span><\/label><label id=\"forminator-field-radio-4-label-3\" for=\"forminator-field-radio-4-3-69fc305f8a737\" class=\"forminator-radio forminator-radio-inline\" title=\"Dona\u021bie copii\"><input type=\"radio\" name=\"radio-4\" value=\"Copii\" id=\"forminator-field-radio-4-3-69fc305f8a737\" aria-labelledby=\"forminator-field-radio-4-label-3\" data-calculation=\"0\"   data-hidden-behavior=\"zero\"\/><span class=\"forminator-radio-bullet\" aria-hidden=\"true\"><\/span><span class=\"forminator-radio-label\">Dona\u021bie copii<\/span><\/label><label id=\"forminator-field-radio-4-label-4\" for=\"forminator-field-radio-4-4-69fc305f8a737\" class=\"forminator-radio forminator-radio-inline\" title=\"Alt tip de dona\u021bie\"><input type=\"radio\" name=\"radio-4\" value=\"Alt-tip-de-dona\u021bie\" id=\"forminator-field-radio-4-4-69fc305f8a737\" aria-labelledby=\"forminator-field-radio-4-label-4\" data-calculation=\"0\"   data-hidden-behavior=\"zero\"\/><span class=\"forminator-radio-bullet\" aria-hidden=\"true\"><\/span><span class=\"forminator-radio-label\">Alt tip de dona\u021bie<\/span><\/label><\/div><\/div><\/div><div class=\"forminator-row\"><div id=\"text-1\" class=\"forminator-field-text forminator-col forminator-col-12 \"><div class=\"forminator-field\"><label for=\"forminator-field-text-1_69fc305f8a737\" id=\"forminator-field-text-1_69fc305f8a737-label\" class=\"forminator-label\">Descriere dona\u021bie<\/label><input type=\"text\" name=\"text-1\" value=\"\" placeholder=\"Ex. proiecte specifice, materiale, sustinere personala etc.\" id=\"forminator-field-text-1_69fc305f8a737\" class=\"forminator-input forminator-name--field\" data-required=\"\" \/><\/div><\/div><\/div><div class=\"forminator-row\"><div id=\"radio-1\" class=\"forminator-field-radio forminator-col forminator-col-12 \"><div role=\"radiogroup\" class=\"forminator-field\" aria-labelledby=\"forminator-radiogroup-radio-1-69fc305f8a737-label\"><span id=\"forminator-radiogroup-radio-1-69fc305f8a737-label\" class=\"forminator-label\">Donatie in LEI<\/span><label id=\"forminator-field-radio-1-label-1\" for=\"forminator-field-radio-1-1-69fc305f8a737\" class=\"forminator-radio forminator-radio-inline\" title=\"50 LEI\"><input type=\"radio\" name=\"radio-1\" value=\"50\" id=\"forminator-field-radio-1-1-69fc305f8a737\" aria-labelledby=\"forminator-field-radio-1-label-1\" data-calculation=\"50\"   data-hidden-behavior=\"zero\"\/><span class=\"forminator-radio-bullet\" aria-hidden=\"true\"><\/span><span class=\"forminator-radio-label\">50 LEI<\/span><\/label><label id=\"forminator-field-radio-1-label-2\" for=\"forminator-field-radio-1-2-69fc305f8a737\" class=\"forminator-radio forminator-radio-inline\" title=\"100 LEI\"><input type=\"radio\" name=\"radio-1\" value=\"100\" id=\"forminator-field-radio-1-2-69fc305f8a737\" aria-labelledby=\"forminator-field-radio-1-label-2\" data-calculation=\"100\"   data-hidden-behavior=\"zero\"\/><span class=\"forminator-radio-bullet\" aria-hidden=\"true\"><\/span><span class=\"forminator-radio-label\">100 LEI<\/span><\/label><label id=\"forminator-field-radio-1-label-3\" for=\"forminator-field-radio-1-3-69fc305f8a737\" class=\"forminator-radio forminator-radio-inline\" title=\"500 LEI\"><input type=\"radio\" name=\"radio-1\" value=\"500\" id=\"forminator-field-radio-1-3-69fc305f8a737\" aria-labelledby=\"forminator-field-radio-1-label-3\" data-calculation=\"500\"   data-hidden-behavior=\"zero\"\/><span class=\"forminator-radio-bullet\" aria-hidden=\"true\"><\/span><span class=\"forminator-radio-label\">500 LEI<\/span><\/label><label id=\"forminator-field-radio-1-label-4\" for=\"forminator-field-radio-1-4-69fc305f8a737\" class=\"forminator-radio forminator-radio-inline\" title=\"Alta valoare\"><input type=\"radio\" name=\"radio-1\" value=\"Other\" id=\"forminator-field-radio-1-4-69fc305f8a737\" aria-labelledby=\"forminator-field-radio-1-label-4\" data-calculation=\"0\"   data-hidden-behavior=\"zero\"\/><span class=\"forminator-radio-bullet\" aria-hidden=\"true\"><\/span><span class=\"forminator-radio-label\">Alta valoare<\/span><\/label><\/div><\/div><\/div><div class=\"forminator-row\"><div id=\"currency-1\" class=\"forminator-field-currency forminator-col forminator-col-12 \"><div class=\"forminator-field\"><label for=\"forminator-field-currency-1_69fc305f8a737\" id=\"forminator-field-currency-1_69fc305f8a737-label\" class=\"forminator-label\">Alt\u0103 sum\u0103 \u00een LEI<\/label><div class=\"forminator-input-with-suffix\"><input name=\"currency-1\" value=\"\" placeholder=\"Ex. 700\" id=\"forminator-field-currency-1_69fc305f8a737\" class=\"forminator-input forminator-currency\" data-required=\"\" aria-required=\"\" data-decimals=\"2\" data-inputmask=\"'groupSeparator': '', 'radixPoint': '.', 'digits': '2'\" data-hidden-behavior=\"zero\" type=\"number\" step=\"any\" \/><span class=\"forminator-suffix\">RON<\/span><\/div><\/div><\/div><\/div><div class=\"forminator-row\"><div id=\"calculation-1\" class=\"forminator-field-calculation forminator-col forminator-col-12 \"><div class=\"forminator-field\"><label for=\"calculation-1-field_69fc305f8a737\" id=\"calculation-1-field_69fc305f8a737-label\" class=\"forminator-label\">Calculations<\/label><input type=\"text\" name=\"calculation-1\" value=\"\" id=\"calculation-1-field_69fc305f8a737\" class=\"forminator-calculation forminator-input\" data-formula=\"{radio-1}+{currency-1}\" data-required=\"\" data-decimal-point=\".\" data-precision=\"2\" data-is-hidden=\"1\" disabled=\"disabled\" data-decimals=\"2\" data-inputmask=\"'groupSeparator': '', 'radixPoint': '.', 'digits': '2'\" readonly=\"readonly\" data-hidden-behavior=\"zero\" \/><\/div><\/div><\/div><div class=\"forminator-row\"><div id=\"radio-2\" class=\"forminator-field-radio forminator-col forminator-col-6 \"><div role=\"radiogroup\" class=\"forminator-field\" aria-labelledby=\"forminator-radiogroup-radio-2-69fc305f8a737-label\"><span id=\"forminator-radiogroup-radio-2-69fc305f8a737-label\" class=\"forminator-label\">Plata cu cardul<\/span><label id=\"forminator-field-radio-2-label-1\" for=\"forminator-field-radio-2-1-69fc305f8a737\" class=\"forminator-radio\" title=\"Credit \/ Debit Card\"><input type=\"radio\" name=\"radio-2\" value=\"one\" id=\"forminator-field-radio-2-1-69fc305f8a737\" aria-labelledby=\"forminator-field-radio-2-label-1\" data-calculation=\"0\" checked=\"checked\"  data-hidden-behavior=\"zero\"\/><span class=\"forminator-radio-bullet\" aria-hidden=\"true\"><\/span><span class=\"forminator-radio-label\">Credit \/ Debit Card<\/span><\/label><\/div><\/div><div id=\"radio-3\" class=\"forminator-field-radio forminator-col forminator-col-6 \"><div role=\"radiogroup\" class=\"forminator-field\" aria-labelledby=\"forminator-radiogroup-radio-3-69fc305f8a737-label\"><span id=\"forminator-radiogroup-radio-3-69fc305f8a737-label\" class=\"forminator-label\">Dona\u021bie recurent\u0103<\/span><label id=\"forminator-field-radio-3-label-1\" for=\"forminator-field-radio-3-1-69fc305f8a737\" class=\"forminator-radio forminator-radio-inline\" title=\"Nu\"><input type=\"radio\" name=\"radio-3\" value=\"one\" id=\"forminator-field-radio-3-1-69fc305f8a737\" aria-labelledby=\"forminator-field-radio-3-label-1\" data-calculation=\"0\" checked=\"checked\"  data-hidden-behavior=\"zero\"\/><span class=\"forminator-radio-bullet\" aria-hidden=\"true\"><\/span><span class=\"forminator-radio-label\">Nu<\/span><\/label><label id=\"forminator-field-radio-3-label-2\" for=\"forminator-field-radio-3-2-69fc305f8a737\" class=\"forminator-radio forminator-radio-inline\" title=\"Lunar\u0103\"><input type=\"radio\" name=\"radio-3\" value=\"Lunara\" id=\"forminator-field-radio-3-2-69fc305f8a737\" aria-labelledby=\"forminator-field-radio-3-label-2\" data-calculation=\"0\"   data-hidden-behavior=\"zero\"\/><span class=\"forminator-radio-bullet\" aria-hidden=\"true\"><\/span><span class=\"forminator-radio-label\">Lunar\u0103<\/span><\/label><\/div><\/div><\/div><div class=\"forminator-row\"><div id=\"stripe-ocs-1\" class=\"forminator-field-stripe-ocs forminator-col forminator-col-12 \"><div class=\"forminator-field\"><label for=\"stripe-ocs-1-field\" id=\"stripe-ocs-1-field-label\" class=\"forminator-label\">Credit \/ Debit Card <span class=\"forminator-required\">*<\/span><\/label><div class=\"forminator-input--wrap forminator-input--stripe\"><div id=\"payment-element-69fc305f8a737\" data-elements-options=\"{\n    &quot;loader&quot;: &quot;always&quot;,\n    &quot;locale&quot;: &quot;auto&quot;,\n    &quot;paymentMethodCreation&quot;: &quot;manual&quot;,\n    &quot;appearance&quot;: {\n        &quot;theme&quot;: &quot;night&quot;,\n        &quot;variables&quot;: {\n            &quot;fontWeightNormal&quot;: &quot;400&quot;,\n            &quot;fontSizeBase&quot;: &quot;16px&quot;,\n            &quot;iconColor&quot;: &quot;#777771&quot;,\n            &quot;iconHoverColor&quot;: &quot;#990033&quot;,\n            &quot;iconCardErrorColor&quot;: &quot;#E51919&quot;,\n            &quot;iconCardCvcErrorColor&quot;: &quot;#E51919&quot;,\n            &quot;colorTextPlaceholder&quot;: &quot;#888888&quot;,\n            &quot;colorPrimary&quot;: &quot;#990033&quot;,\n            &quot;colorBackground&quot;: &quot;#FFFFFF&quot;,\n            &quot;colorText&quot;: &quot;#30313D&quot;,\n            &quot;colorDanger&quot;: &quot;#DF1B41&quot;\n        }\n    },\n    &quot;paymentMethodTypes&quot;: [\n        &quot;card&quot;\n    ]\n}\" data-payment-options=\"{\n    &quot;layout&quot;: {\n        &quot;type&quot;: &quot;tabs&quot;,\n        &quot;defaultCollapsed&quot;: false\n    },\n    &quot;wallets&quot;: {\n        &quot;applePay&quot;: &quot;never&quot;,\n        &quot;googlePay&quot;: &quot;never&quot;\n    }\n}\" data-field-id=\"69fc305f8a737\" data-is-payment=\"true\" data-payment-type=\"stripe\" data-is-ocs=\"1\" data-secret=\"\" data-paymentid=\"\" data-currency=\"ron\" data-key=\"pk_live_51QidOEKCfXZlRXULVPvf7KN9J8A7wb52h96K2zl5GnTlIYqGGJzA0CIxUPp4M4d9WpMAFEKtR57naPdN5xUwl7ca00j3VCbYB7\" data-receipt=\"1\" data-receipt-email=\"email-1\" data-billing=\"1\" data-billing-name=\"name-1\" data-billing-email=\"email-1\" data-billing-phone=\"phone-1\" data-billing-address=\"\" data-return-url=\"https:\/\/stripe.com\" aria-describedby=\"payment-element-69fc305f8a737-description\" class=\"forminator-stripe-element forminator-stripe-payment-element\"><\/div><input type=\"hidden\" name=\"paymentid\" value=\"\" id=\"forminator-stripe-paymentid\"\/><input type=\"hidden\" name=\"paymentmethod\" value=\"\" id=\"forminator-stripe-paymentmethod\"\/><input type=\"hidden\" name=\"subscriptionid\" value=\"\" id=\"forminator-stripe-subscriptionid\"\/><\/div><span class=\"forminator-card-message\"><span class=\"forminator-error-message\" aria-hidden=\"true\"><\/span><\/span><span id=\"payment-element-69fc305f8a737-description\" class=\"forminator-description\">Se poate pl\u0103ti cu orice card bancar debit\/credit (RON, EUR, USD etc.) se face conversia \u00een LEI automat<\/span><\/div><\/div><\/div><div class=\"forminator-row\"><div id=\"stripe-1\" class=\"forminator-field-stripe forminator-col forminator-col-12 \"><\/div><\/div><div class=\"forminator-row\"><div id=\"consent-1\" class=\"forminator-field-consent forminator-col forminator-col-12 \"><div class=\"forminator-field\"><label for=\"forminator-field-consent-1_69fc305f8a737\" id=\"forminator-field-consent-1_69fc305f8a737-label\" class=\"forminator-label\">De acord! <span class=\"forminator-required\">*<\/span><\/label><div class=\"forminator-checkbox__wrapper\"><label id=\"forminator-field-consent-1_69fc305f8a737__label\" class=\"forminator-checkbox forminator-consent\"><input type=\"checkbox\" name=\"consent-1\" id=\"forminator-field-consent-1_69fc305f8a737\" value=\"checked\" aria-labelledby=\"forminator-field-consent-1_69fc305f8a737-label\" aria-describedby=\"forminator-field-consent-1_69fc305f8a737__description\" data-required=\"true\" aria-required=\"true\" \/><span class=\"forminator-checkbox-box\" aria-hidden=\"true\"><\/span><\/label><div id=\"forminator-field-consent-1_69fc305f8a737__description\" class=\"forminator-checkbox__label forminator-consent__label\"><p>Confirm c\u0103 datele de mai sus sunt corecte \u0219i accept procesarea dona\u021biei.<\/p><\/div><\/div><\/div><\/div><\/div><div class=\"forminator-row\" style=\"margin: 0;\"><div id=\"captcha-1\" class=\"forminator-field-captcha  forminator-col-12 \"><div class=\"forminator-captcha-left forminator-g-recaptcha recaptcha-invisible\" data-theme=\"light\" data-badge=\"bottomright\" data-sitekey=\"6LfosrsqAAAAALJ_EnwSB7Xy70Up7qto4WwI_l4a\" data-size=\"invisible\"><\/div> <\/div><\/div><input type=\"hidden\" name=\"referer_url\" value=\"\" \/><div class=\"forminator-row forminator-row-last\"><div class=\"forminator-col\"><div class=\"forminator-field\"><button class=\"forminator-button forminator-button-submit\"><span>Doneaz\u0103!<\/span><span aria-hidden=\"true\"><\/span><\/button><\/div><\/div><\/div><input type=\"hidden\" id=\"forminator_nonce\" name=\"forminator_nonce\" value=\"b6df6c2d44\" \/><input type=\"hidden\" name=\"_wp_http_referer\" value=\"\/en\/wp-json\/wp\/v2\/pages\/279\" \/><input type=\"hidden\" name=\"form_id\" value=\"278\"><input type=\"hidden\" name=\"page_id\" value=\"279\"><input type=\"hidden\" name=\"form_type\" value=\"default\"><input type=\"hidden\" name=\"current_url\" value=\"https:\/\/www.intimatelearn.ro\/en\/donation\/\"><input type=\"hidden\" name=\"render_id\" value=\"0\"><input type=\"hidden\" name=\"action\" value=\"forminator_submit_form_custom-forms\"><\/form><\/div><\/div><\/div><\/div><div class=\"et_pb_row_1 et_pb_row et_block_row\"><div class=\"et_pb_column_1 et_pb_column et_pb_column_4_4 et-last-child et_block_column et_pb_css_mix_blend_mode_passthrough\"><div class=\"et_pb_text_1 et_pb_text et_pb_bg_layout_light et_pb_module et_block_module\"><div class=\"et_pb_text_inner\"><h2 class=\"gb-headline gb-headline-7f6b9542 gb-headline-text\" style=\"text-align: center;\">Donate safely with <span style=\"color: #990033;\">STRIPE<\/span><\/h2>\n<h3 class=\"gb-headline gb-headline-a3786be3 gb-headline-text\" style=\"text-align: center;\">One of the largest payment processors in the world<\/h3>\n<p><img loading=\"lazy\" decoding=\"async\" class=\"wp-image-401 alignnone size-medium\" style=\"display: block; margin-left: auto; margin-right: auto;\" src=\"https:\/\/www.intimatelearn.ro\/wp-content\/uploads\/2025\/01\/stripe-300x85.jpg\" alt=\"\" width=\"166\" height=\"47\" \/><\/p>\n<\/div><\/div><\/div><\/div><\/div>\n","protected":false},"excerpt":{"rendered":"","protected":false},"author":1,"featured_media":0,"parent":0,"menu_order":0,"comment_status":"closed","ping_status":"closed","template":"","meta":{"footnotes":""},"class_list":["post-279","page","type-page","status-publish","hentry"],"_links":{"self":[{"href":"https:\/\/www.intimatelearn.ro\/en\/wp-json\/wp\/v2\/pages\/279","targetHints":{"allow":["GET"]}}],"collection":[{"href":"https:\/\/www.intimatelearn.ro\/en\/wp-json\/wp\/v2\/pages"}],"about":[{"href":"https:\/\/www.intimatelearn.ro\/en\/wp-json\/wp\/v2\/types\/page"}],"author":[{"embeddable":true,"href":"https:\/\/www.intimatelearn.ro\/en\/wp-json\/wp\/v2\/users\/1"}],"replies":[{"embeddable":true,"href":"https:\/\/www.intimatelearn.ro\/en\/wp-json\/wp\/v2\/comments?post=279"}],"version-history":[{"count":10,"href":"https:\/\/www.intimatelearn.ro\/en\/wp-json\/wp\/v2\/pages\/279\/revisions"}],"predecessor-version":[{"id":676,"href":"https:\/\/www.intimatelearn.ro\/en\/wp-json\/wp\/v2\/pages\/279\/revisions\/676"}],"wp:attachment":[{"href":"https:\/\/www.intimatelearn.ro\/en\/wp-json\/wp\/v2\/media?parent=279"}],"curies":[{"name":"wp","href":"https:\/\/api.w.org\/{rel}","templated":true}]}}